{"id":10,"date":"2015-09-04T15:50:49","date_gmt":"2015-09-04T15:50:49","guid":{"rendered":"http:\/\/beta.gite-billmann.fr\/?page_id=10"},"modified":"2026-01-20T15:13:08","modified_gmt":"2026-01-20T15:13:08","slug":"accueil","status":"publish","type":"page","link":"https:\/\/gite-billmann.fr\/de\/","title":{"rendered":"Home"},"content":{"rendered":"<h2 style=\"text-align: center;\">FERIENHAUS<br \/>\nSabine BILLMANN<\/h2>\n<hr \/>\n<p>Inmitten der Region \u201eOutre Foret\u201c finden Sie das Bauerndorf Hunspach, welches am Fu\u00dfe der n\u00f6rdlichen Vogesen, an der nord-els\u00e4ssischen Weinstra\u00dfe und direkt an der Linie Maginot liegt.<br \/>\nDas Dorf ist als eines der sch\u00f6nsten D\u00f6rfer Frankreichs ausgezeichnet.<br \/>\n2020 wurde das Dorf mit den Geranien geschm\u00fcckten Fachwerkh\u00e4usern aus dem 18. Jahrhundert als das beliebteste Dorf Frankreichs ausgezeichnet.<\/p>\n<table>\n<tbody>\n<tr>\n<td style=\"text-align: center;\">7, Rue de l&#8217;Ange<br \/>\n67250 Hunspach<br \/>\n+33 (0)6 98 90 32 25<br \/>\n<a style=\"color: #ff0000;\" href=\"mailto:contact@gite-billmann.fr\">contact@gite-billmann.fr<\/a><strong><br \/>\n<\/strong><\/td>\n<td><img data-recalc-dims=\"1\" loading=\"lazy\" decoding=\"async\" class=\"aligncenter wp-image-1148 size-large\" src=\"https:\/\/i0.wp.com\/gite-billmann.fr\/wp-content\/uploads\/IMG_20140525_140656.jpg?resize=604%2C447&#038;ssl=1\" alt=\"\" width=\"604\" height=\"447\" srcset=\"https:\/\/i0.wp.com\/gite-billmann.fr\/wp-content\/uploads\/IMG_20140525_140656.jpg?resize=1024%2C758&amp;ssl=1 1024w, https:\/\/i0.wp.com\/gite-billmann.fr\/wp-content\/uploads\/IMG_20140525_140656.jpg?resize=300%2C222&amp;ssl=1 300w, https:\/\/i0.wp.com\/gite-billmann.fr\/wp-content\/uploads\/IMG_20140525_140656.jpg?resize=768%2C568&amp;ssl=1 768w, https:\/\/i0.wp.com\/gite-billmann.fr\/wp-content\/uploads\/IMG_20140525_140656.jpg?w=1208&amp;ssl=1 1208w, https:\/\/i0.wp.com\/gite-billmann.fr\/wp-content\/uploads\/IMG_20140525_140656.jpg?w=1812&amp;ssl=1 1812w\" sizes=\"auto, (max-width: 604px) 100vw, 604px\" \/><\/td>\n<\/tr>\n<\/tbody>\n<\/table>\n<p>Wir hei\u00dfen Sie herzlich in unserem Bauernhaus willkommen! Unsere Ferienwohnung und die G\u00e4stezimmer wurden liebevoll mit Bauernm\u00f6bel eingerichtet und sind mit traditionellen, els\u00e4ssischen Stoffen dekoriert.<\/p>\n<table>\n<tbody>\n<tr>\n<td><img data-recalc-dims=\"1\" loading=\"lazy\" decoding=\"async\" class=\"alignnone size-medium wp-image-1028\" src=\"https:\/\/i0.wp.com\/gite-billmann.fr\/wp-content\/uploads\/20140419_135257.jpg?resize=225%2C300&#038;ssl=1\" alt=\"\" width=\"225\" height=\"300\" srcset=\"https:\/\/i0.wp.com\/gite-billmann.fr\/wp-content\/uploads\/20140419_135257.jpg?resize=225%2C300&amp;ssl=1 225w, https:\/\/i0.wp.com\/gite-billmann.fr\/wp-content\/uploads\/20140419_135257.jpg?resize=768%2C1024&amp;ssl=1 768w, https:\/\/i0.wp.com\/gite-billmann.fr\/wp-content\/uploads\/20140419_135257.jpg?w=1920&amp;ssl=1 1920w, https:\/\/i0.wp.com\/gite-billmann.fr\/wp-content\/uploads\/20140419_135257.jpg?w=1208&amp;ssl=1 1208w, https:\/\/i0.wp.com\/gite-billmann.fr\/wp-content\/uploads\/20140419_135257.jpg?w=1812&amp;ssl=1 1812w\" sizes=\"auto, (max-width: 225px) 100vw, 225px\" \/><\/td>\n<td><img data-recalc-dims=\"1\" loading=\"lazy\" decoding=\"async\" class=\"alignnone size-medium wp-image-1007\" src=\"https:\/\/i0.wp.com\/gite-billmann.fr\/wp-content\/uploads\/2019\/05\/102_4352.jpg?resize=300%2C225&#038;ssl=1\" alt=\"\" width=\"300\" height=\"225\" srcset=\"https:\/\/i0.wp.com\/gite-billmann.fr\/wp-content\/uploads\/2019\/05\/102_4352.jpg?resize=300%2C225&amp;ssl=1 300w, https:\/\/i0.wp.com\/gite-billmann.fr\/wp-content\/uploads\/2019\/05\/102_4352.jpg?resize=768%2C576&amp;ssl=1 768w, https:\/\/i0.wp.com\/gite-billmann.fr\/wp-content\/uploads\/2019\/05\/102_4352.jpg?resize=1024%2C768&amp;ssl=1 1024w, https:\/\/i0.wp.com\/gite-billmann.fr\/wp-content\/uploads\/2019\/05\/102_4352.jpg?w=1208&amp;ssl=1 1208w, https:\/\/i0.wp.com\/gite-billmann.fr\/wp-content\/uploads\/2019\/05\/102_4352.jpg?w=1812&amp;ssl=1 1812w\" sizes=\"auto, (max-width: 300px) 100vw, 300px\" \/><\/td>\n<\/tr>\n<\/tbody>\n<\/table>\n<p><img data-recalc-dims=\"1\" loading=\"lazy\" decoding=\"async\" class=\"alignnone size-full wp-image-1147\" src=\"https:\/\/i0.wp.com\/gite-billmann.fr\/wp-content\/uploads\/IMG_20140525_140450.jpg?resize=604%2C447&#038;ssl=1\" alt=\"\" width=\"604\" height=\"447\" srcset=\"https:\/\/i0.wp.com\/gite-billmann.fr\/wp-content\/uploads\/IMG_20140525_140450.jpg?w=3200&amp;ssl=1 3200w, https:\/\/i0.wp.com\/gite-billmann.fr\/wp-content\/uploads\/IMG_20140525_140450.jpg?resize=300%2C222&amp;ssl=1 300w, https:\/\/i0.wp.com\/gite-billmann.fr\/wp-content\/uploads\/IMG_20140525_140450.jpg?resize=768%2C568&amp;ssl=1 768w, https:\/\/i0.wp.com\/gite-billmann.fr\/wp-content\/uploads\/IMG_20140525_140450.jpg?resize=1024%2C758&amp;ssl=1 1024w, https:\/\/i0.wp.com\/gite-billmann.fr\/wp-content\/uploads\/IMG_20140525_140450.jpg?w=1208&amp;ssl=1 1208w, https:\/\/i0.wp.com\/gite-billmann.fr\/wp-content\/uploads\/IMG_20140525_140450.jpg?w=1812&amp;ssl=1 1812w\" sizes=\"auto, (max-width: 604px) 100vw, 604px\" \/><\/p>\n","protected":false},"excerpt":{"rendered":"<p>FERIENHAUS Sabine BILLMANN Inmitten der Region \u201eOutre Foret\u201c finden Sie das Bauerndorf Hunspach, welches am Fu\u00dfe der n\u00f6rdlichen Vogesen, an der nord-els\u00e4ssischen Weinstra\u00dfe und direkt an der Linie Maginot liegt. Das Dorf ist als eines der sch\u00f6nsten D\u00f6rfer Frankreichs ausgezeichnet. 2020 wurde das Dorf mit den Geranien geschm\u00fcckten Fachwerkh\u00e4usern aus dem 18. Jahrhundert als das &hellip; <a href=\"https:\/\/gite-billmann.fr\/de\/\" class=\"more-link\">Continue reading <span class=\"screen-reader-text\">Home<\/span> <span class=\"meta-nav\">&rarr;<\/span><\/a><\/p>\n","protected":false},"author":1,"featured_media":0,"parent":0,"menu_order":0,"comment_status":"closed","ping_status":"closed","template":"","meta":{"jetpack_post_was_ever_published":false,"footnotes":""},"class_list":["post-10","page","type-page","status-publish","hentry"],"translation":{"provider":"WPGlobus","version":"3.0.2","language":"de","enabled_languages":["fr","de","en"],"languages":{"fr":{"title":true,"content":true,"excerpt":false},"de":{"title":true,"content":true,"excerpt":false},"en":{"title":true,"content":true,"excerpt":false}}},"jetpack_shortlink":"https:\/\/wp.me\/PaWK0u-a","jetpack_sharing_enabled":true,"_links":{"self":[{"href":"https:\/\/gite-billmann.fr\/de\/wp-json\/wp\/v2\/pages\/10","targetHints":{"allow":["GET"]}}],"collection":[{"href":"https:\/\/gite-billmann.fr\/de\/wp-json\/wp\/v2\/pages"}],"about":[{"href":"https:\/\/gite-billmann.fr\/de\/wp-json\/wp\/v2\/types\/page"}],"author":[{"embeddable":true,"href":"https:\/\/gite-billmann.fr\/de\/wp-json\/wp\/v2\/users\/1"}],"replies":[{"embeddable":true,"href":"https:\/\/gite-billmann.fr\/de\/wp-json\/wp\/v2\/comments?post=10"}],"version-history":[{"count":6,"href":"https:\/\/gite-billmann.fr\/de\/wp-json\/wp\/v2\/pages\/10\/revisions"}],"predecessor-version":[{"id":1518,"href":"https:\/\/gite-billmann.fr\/de\/wp-json\/wp\/v2\/pages\/10\/revisions\/1518"}],"wp:attachment":[{"href":"https:\/\/gite-billmann.fr\/de\/wp-json\/wp\/v2\/media?parent=10"}],"curies":[{"name":"wp","href":"https:\/\/api.w.org\/{rel}","templated":true}]}}