{"id":22,"date":"2015-09-04T16:02:51","date_gmt":"2015-09-04T16:02:51","guid":{"rendered":"http:\/\/beta.gite-billmann.fr\/?page_id=22"},"modified":"2026-01-20T15:23:43","modified_gmt":"2026-01-20T15:23:43","slug":"branntkuche","status":"publish","type":"page","link":"https:\/\/gite-billmann.fr\/de\/branntkuche\/","title":{"rendered":"Ferienwohnung &#8220;Branntk\u00fcche&#8221;"},"content":{"rendered":"\n<div class=\"wp-block-buttons is-content-justification-center is-layout-flex wp-container-core-buttons-is-layout-16018d1d wp-block-buttons-is-layout-flex\">\n<div class=\"wp-block-button\"><a class=\"wp-block-button__link wp-element-button\" href=\"https:\/\/www.chambresdhotes.org\/cgi-bin\/links\/booking\/availability.cgi?who=24098;t=english\">Jetzt Buchen \u00fcber chambresdhotes.org<\/a><\/div>\n<\/div>\n\n\n<h3>Die alte Backstube wurde in eine 80 m\u00b2 Ferienwohnung verwandelt, die Platz f\u00fcr 4-5 Personen bietet.<\/h3>\n<table>\n<tbody>\n<tr>\n<td>Erdgeschoss: Einbauk\u00fcche mit Geschirrsp\u00fcler und Mikrowelle<br \/>1.Stock: Wohnzimmer (Fernseher, Schlafsofa f\u00fcr 2 Personen), 2 Schlafzimmer (jeweils 2 Betten 90 x 200),\u00a0 Badezimmer mit Dusche, separates WC<br \/>Sonstiges: Waschmaschine, Garten,\u00a0 Parkplatz im Hof<\/td>\n<td style=\"width: 60%;\"><img data-recalc-dims=\"1\" loading=\"lazy\" decoding=\"async\" class=\"alignnone size-full wp-image-1112\" src=\"https:\/\/i0.wp.com\/gite-billmann.fr\/wp-content\/uploads\/maison_branntkiche.jpg?resize=540%2C400&#038;ssl=1\" alt=\"\" width=\"540\" height=\"400\" srcset=\"https:\/\/i0.wp.com\/gite-billmann.fr\/wp-content\/uploads\/maison_branntkiche.jpg?w=540&amp;ssl=1 540w, https:\/\/i0.wp.com\/gite-billmann.fr\/wp-content\/uploads\/maison_branntkiche.jpg?resize=300%2C222&amp;ssl=1 300w\" sizes=\"auto, (max-width: 540px) 100vw, 540px\" \/><\/td>\n<\/tr>\n<tr>\n<td><img data-recalc-dims=\"1\" loading=\"lazy\" decoding=\"async\" class=\"alignnone size-large wp-image-1043\" src=\"https:\/\/i0.wp.com\/gite-billmann.fr\/wp-content\/uploads\/cuisine2.jpg?resize=604%2C805&#038;ssl=1\" alt=\"\" width=\"604\" height=\"805\" srcset=\"https:\/\/i0.wp.com\/gite-billmann.fr\/wp-content\/uploads\/cuisine2.jpg?resize=768%2C1024&amp;ssl=1 768w, https:\/\/i0.wp.com\/gite-billmann.fr\/wp-content\/uploads\/cuisine2.jpg?resize=225%2C300&amp;ssl=1 225w, https:\/\/i0.wp.com\/gite-billmann.fr\/wp-content\/uploads\/cuisine2.jpg?w=1073&amp;ssl=1 1073w\" sizes=\"auto, (max-width: 604px) 100vw, 604px\" \/><\/td>\n<td><img data-recalc-dims=\"1\" loading=\"lazy\" decoding=\"async\" class=\"alignnone size-large wp-image-1042\" src=\"https:\/\/i0.wp.com\/gite-billmann.fr\/wp-content\/uploads\/cuisine1.jpg?resize=604%2C453&#038;ssl=1\" alt=\"\" width=\"604\" height=\"453\" srcset=\"https:\/\/i0.wp.com\/gite-billmann.fr\/wp-content\/uploads\/cuisine1.jpg?resize=1024%2C768&amp;ssl=1 1024w, https:\/\/i0.wp.com\/gite-billmann.fr\/wp-content\/uploads\/cuisine1.jpg?resize=300%2C225&amp;ssl=1 300w, https:\/\/i0.wp.com\/gite-billmann.fr\/wp-content\/uploads\/cuisine1.jpg?resize=768%2C576&amp;ssl=1 768w, https:\/\/i0.wp.com\/gite-billmann.fr\/wp-content\/uploads\/cuisine1.jpg?w=1208&amp;ssl=1 1208w, https:\/\/i0.wp.com\/gite-billmann.fr\/wp-content\/uploads\/cuisine1.jpg?w=1812&amp;ssl=1 1812w\" sizes=\"auto, (max-width: 604px) 100vw, 604px\" \/><\/td>\n<\/tr>\n<tr>\n<td><img data-recalc-dims=\"1\" loading=\"lazy\" decoding=\"async\" class=\"alignnone size-large wp-image-1125\" src=\"https:\/\/i0.wp.com\/gite-billmann.fr\/wp-content\/uploads\/salon1.jpg?resize=604%2C453&#038;ssl=1\" alt=\"\" width=\"604\" height=\"453\" srcset=\"https:\/\/i0.wp.com\/gite-billmann.fr\/wp-content\/uploads\/salon1.jpg?resize=1024%2C768&amp;ssl=1 1024w, https:\/\/i0.wp.com\/gite-billmann.fr\/wp-content\/uploads\/salon1.jpg?resize=300%2C225&amp;ssl=1 300w, https:\/\/i0.wp.com\/gite-billmann.fr\/wp-content\/uploads\/salon1.jpg?resize=768%2C576&amp;ssl=1 768w, https:\/\/i0.wp.com\/gite-billmann.fr\/wp-content\/uploads\/salon1.jpg?w=1208&amp;ssl=1 1208w, https:\/\/i0.wp.com\/gite-billmann.fr\/wp-content\/uploads\/salon1.jpg?w=1812&amp;ssl=1 1812w\" sizes=\"auto, (max-width: 604px) 100vw, 604px\" \/><\/td>\n<td><img data-recalc-dims=\"1\" loading=\"lazy\" decoding=\"async\" class=\"alignnone size-large wp-image-1039\" src=\"https:\/\/i0.wp.com\/gite-billmann.fr\/wp-content\/uploads\/chambre1.jpg?resize=604%2C453&#038;ssl=1\" alt=\"\" width=\"604\" height=\"453\" srcset=\"https:\/\/i0.wp.com\/gite-billmann.fr\/wp-content\/uploads\/chambre1.jpg?resize=1024%2C768&amp;ssl=1 1024w, https:\/\/i0.wp.com\/gite-billmann.fr\/wp-content\/uploads\/chambre1.jpg?resize=300%2C225&amp;ssl=1 300w, https:\/\/i0.wp.com\/gite-billmann.fr\/wp-content\/uploads\/chambre1.jpg?resize=768%2C576&amp;ssl=1 768w, https:\/\/i0.wp.com\/gite-billmann.fr\/wp-content\/uploads\/chambre1.jpg?w=1208&amp;ssl=1 1208w, https:\/\/i0.wp.com\/gite-billmann.fr\/wp-content\/uploads\/chambre1.jpg?w=1812&amp;ssl=1 1812w\" sizes=\"auto, (max-width: 604px) 100vw, 604px\" \/><\/td>\n<\/tr>\n<tr>\n<td><img data-recalc-dims=\"1\" loading=\"lazy\" decoding=\"async\" class=\"alignnone wp-image-1040 size-large\" src=\"https:\/\/i0.wp.com\/gite-billmann.fr\/wp-content\/uploads\/chambre2.jpg?resize=604%2C453&#038;ssl=1\" alt=\"\" width=\"604\" height=\"453\" srcset=\"https:\/\/i0.wp.com\/gite-billmann.fr\/wp-content\/uploads\/chambre2.jpg?resize=1024%2C768&amp;ssl=1 1024w, https:\/\/i0.wp.com\/gite-billmann.fr\/wp-content\/uploads\/chambre2.jpg?resize=300%2C225&amp;ssl=1 300w, https:\/\/i0.wp.com\/gite-billmann.fr\/wp-content\/uploads\/chambre2.jpg?resize=768%2C576&amp;ssl=1 768w, https:\/\/i0.wp.com\/gite-billmann.fr\/wp-content\/uploads\/chambre2.jpg?w=1208&amp;ssl=1 1208w, https:\/\/i0.wp.com\/gite-billmann.fr\/wp-content\/uploads\/chambre2.jpg?w=1812&amp;ssl=1 1812w\" sizes=\"auto, (max-width: 604px) 100vw, 604px\" \/><\/td>\n<td><img data-recalc-dims=\"1\" loading=\"lazy\" decoding=\"async\" class=\"wp-image-999 size-medium aligncenter\" src=\"https:\/\/i0.wp.com\/gite-billmann.fr\/wp-content\/uploads\/2019\/05\/102_4312.jpg?resize=225%2C300&#038;ssl=1\" alt=\"\" width=\"225\" height=\"300\" srcset=\"https:\/\/i0.wp.com\/gite-billmann.fr\/wp-content\/uploads\/2019\/05\/102_4312.jpg?resize=225%2C300&amp;ssl=1 225w, https:\/\/i0.wp.com\/gite-billmann.fr\/wp-content\/uploads\/2019\/05\/102_4312.jpg?resize=768%2C1024&amp;ssl=1 768w, https:\/\/i0.wp.com\/gite-billmann.fr\/wp-content\/uploads\/2019\/05\/102_4312.jpg?w=1208&amp;ssl=1 1208w, https:\/\/i0.wp.com\/gite-billmann.fr\/wp-content\/uploads\/2019\/05\/102_4312.jpg?w=1812&amp;ssl=1 1812w\" sizes=\"auto, (max-width: 225px) 100vw, 225px\" \/><\/td>\n<\/tr>\n<\/tbody>\n<\/table>\n<p>Preise f\u00fcr 2-5 Personen (inkl. Heizung): 60-80\u20ac\/Tag\u00a0<br \/>Bettw\u00e4sche und Handt\u00fccher 8\u20ac\/Person<br \/>Endreinigung: 50\u20ac<br \/>Hunde: 5\u20ac\/Tag , Taxe de s\u00e9jour: 1,25\u20ac\/Erwachsenen<\/p>\n\n\n<p><\/p>\n","protected":false},"excerpt":{"rendered":"<p>Die alte Backstube wurde in eine 80 m\u00b2 Ferienwohnung verwandelt, die Platz f\u00fcr 4-5 Personen bietet. Erdgeschoss: Einbauk\u00fcche mit Geschirrsp\u00fcler und Mikrowelle1.Stock: Wohnzimmer (Fernseher, Schlafsofa f\u00fcr 2 Personen), 2 Schlafzimmer (jeweils 2 Betten 90 x 200),\u00a0 Badezimmer mit Dusche, separates WCSonstiges: Waschmaschine, Garten,\u00a0 Parkplatz im Hof Preise f\u00fcr 2-5 Personen (inkl. Heizung): 60-80\u20ac\/Tag\u00a0Bettw\u00e4sche und Handt\u00fccher &hellip; <a href=\"https:\/\/gite-billmann.fr\/de\/branntkuche\/\" class=\"more-link\">Continue reading <span class=\"screen-reader-text\">Ferienwohnung &#8220;Branntk\u00fcche&#8221;<\/span> <span class=\"meta-nav\">&rarr;<\/span><\/a><\/p>\n","protected":false},"author":1,"featured_media":0,"parent":0,"menu_order":0,"comment_status":"closed","ping_status":"closed","template":"","meta":{"jetpack_post_was_ever_published":false,"footnotes":""},"class_list":["post-22","page","type-page","status-publish","hentry"],"translation":{"provider":"WPGlobus","version":"3.0.2","language":"de","enabled_languages":["fr","de","en"],"languages":{"fr":{"title":true,"content":true,"excerpt":false},"de":{"title":true,"content":true,"excerpt":false},"en":{"title":true,"content":true,"excerpt":false}}},"jetpack_shortlink":"https:\/\/wp.me\/PaWK0u-m","jetpack_sharing_enabled":true,"_links":{"self":[{"href":"https:\/\/gite-billmann.fr\/de\/wp-json\/wp\/v2\/pages\/22","targetHints":{"allow":["GET"]}}],"collection":[{"href":"https:\/\/gite-billmann.fr\/de\/wp-json\/wp\/v2\/pages"}],"about":[{"href":"https:\/\/gite-billmann.fr\/de\/wp-json\/wp\/v2\/types\/page"}],"author":[{"embeddable":true,"href":"https:\/\/gite-billmann.fr\/de\/wp-json\/wp\/v2\/users\/1"}],"replies":[{"embeddable":true,"href":"https:\/\/gite-billmann.fr\/de\/wp-json\/wp\/v2\/comments?post=22"}],"version-history":[{"count":6,"href":"https:\/\/gite-billmann.fr\/de\/wp-json\/wp\/v2\/pages\/22\/revisions"}],"predecessor-version":[{"id":1524,"href":"https:\/\/gite-billmann.fr\/de\/wp-json\/wp\/v2\/pages\/22\/revisions\/1524"}],"wp:attachment":[{"href":"https:\/\/gite-billmann.fr\/de\/wp-json\/wp\/v2\/media?parent=22"}],"curies":[{"name":"wp","href":"https:\/\/api.w.org\/{rel}","templated":true}]}}