{"id":805,"date":"2017-02-05T20:15:01","date_gmt":"2017-02-05T20:15:01","guid":{"rendered":"https:\/\/gite-billmann.fr\/?page_id=805"},"modified":"2022-07-13T16:28:46","modified_gmt":"2022-07-13T16:28:46","slug":"a-visiter","status":"publish","type":"page","link":"https:\/\/gite-billmann.fr\/de\/a-visiter\/","title":{"rendered":"\u00c0 visiter"},"content":{"rendered":"\n<p>La ville de Wissembourg: <a href=\"https:\/\/www.ville-wissembourg.eu\/\" target=\"_blank\" rel=\"noreferrer noopener\">www.ville-wissembourg.eu<\/a><\/p>\n\n\n\n<p>La Maison Rurale \u00e0 Kutzenhausen: <a href=\"https:\/\/www.maison-rurale.fr\/\" target=\"_blank\" rel=\"noreferrer noopener\">www.maison-rurale.fr<\/a><\/p>\n\n\n\n<p>Le Fort de la Maginot \u00e0 Hunspach: <a href=\"https:\/\/www.lignemaginot.com\/\" data-type=\"URL\" data-id=\"https:\/\/www.lignemaginot.com\/\" target=\"_blank\" rel=\"noreferrer noopener\">www.lignemaginot.com<\/a><\/p>\n\n\n\n<p>Le ch\u00e2teau de Fleckenstein \u00e0 Lembach: <a href=\"https:\/\/www.fleckenstein.fr\/\" data-type=\"URL\" data-id=\"https:\/\/www.fleckenstein.fr\/\" target=\"_blank\" rel=\"noreferrer noopener\">www.fleckenstein.fr<\/a><\/p>\n\n\n\n<p>La Maison de la Nature \u00e0 Munchhausen: <a href=\"https:\/\/www.nature-munchhausen.com\/\" data-type=\"URL\" data-id=\"https:\/\/www.nature-munchhausen.com\/\" target=\"_blank\" rel=\"noreferrer noopener\">www.nature-munchhausen.com<\/a><\/p>\n\n\n\n<p><strong>En Allemagne:<\/strong><\/p>\n\n\n\n<p>La Maison de la Biosphaere \u00e0 Fischbach: <a href=\"https:\/\/www.biosphaerenhaus.de\/fr\/\" data-type=\"URL\" data-id=\"https:\/\/www.biosphaerenhaus.de\/fr\/\" target=\"_blank\" rel=\"noreferrer noopener\">www.biosphaerenhaus.de\/fr<\/a><\/p>\n\n\n\n<p>Le ch\u00e2teau fort de Berwartstein: <a href=\"http:\/\/burgberwartstein.de\/\" data-type=\"URL\" data-id=\"http:\/\/burgberwartstein.de\/\" target=\"_blank\" rel=\"noreferrer noopener\">burgberwartstein.de<\/a><\/p>\n\n\n\n<p>Les thermes \u00e0 Bad Bergzabern: <a href=\"https:\/\/www.suedpfalz-therme.de\/fr\" data-type=\"URL\" data-id=\"https:\/\/www.suedpfalz-therme.de\/fr\" target=\"_blank\" rel=\"noreferrer noopener\">www.suedpfalz-therme.de\/fr<\/a><\/p>\n\n\n\n<p><strong>Balades\/v\u00e9lo:<\/strong><\/p>\n\n\n\n<p><a href=\"http:\/\/www.alsaceavelo.fr\/telechargement\/iti-11_vignoble-de-cleebourg.pdf\" data-type=\"URL\" data-id=\"http:\/\/www.alsaceavelo.fr\/telechargement\/iti-11_vignoble-de-cleebourg.pdf\" target=\"_blank\" rel=\"noreferrer noopener\">www.alsaceavelo.fr\/telechargement\/iti-11_vignoble-de-cleebourg.pdf<\/a><\/p>\n\n\n\n<p><a href=\"https:\/\/www.alsace-verte.com\" data-type=\"URL\" data-id=\"https:\/\/www.alsace-verte.com\" target=\"_blank\" rel=\"noreferrer noopener\">www.alsace-verte.com<\/a><\/p>\n\n\n\n<div class=\"action-menu ab_ctl\">&nbsp;<\/div>\n","protected":false},"excerpt":{"rendered":"<p>La ville de Wissembourg: www.ville-wissembourg.eu La Maison Rurale \u00e0 Kutzenhausen: www.maison-rurale.fr Le Fort de la Maginot \u00e0 Hunspach: www.lignemaginot.com Le ch\u00e2teau de Fleckenstein \u00e0 Lembach: www.fleckenstein.fr La Maison de la Nature \u00e0 Munchhausen: www.nature-munchhausen.com En Allemagne: La Maison de la Biosphaere \u00e0 Fischbach: www.biosphaerenhaus.de\/fr Le ch\u00e2teau fort de Berwartstein: burgberwartstein.de Les thermes \u00e0 Bad Bergzabern: &hellip; <a href=\"https:\/\/gite-billmann.fr\/de\/a-visiter\/\" class=\"more-link\">Continue reading <span class=\"screen-reader-text\">\u00c0 visiter<\/span> <span class=\"meta-nav\">&rarr;<\/span><\/a><\/p>\n","protected":false},"author":2,"featured_media":0,"parent":0,"menu_order":0,"comment_status":"closed","ping_status":"closed","template":"","meta":{"jetpack_post_was_ever_published":false,"footnotes":""},"class_list":["post-805","page","type-page","status-publish","hentry"],"translation":{"provider":"WPGlobus","version":"3.0.2","language":"de","enabled_languages":["fr","de","en"],"languages":{"fr":{"title":true,"content":true,"excerpt":false},"de":{"title":false,"content":false,"excerpt":false},"en":{"title":false,"content":false,"excerpt":false}}},"jetpack_shortlink":"https:\/\/wp.me\/PaWK0u-cZ","jetpack_sharing_enabled":true,"_links":{"self":[{"href":"https:\/\/gite-billmann.fr\/de\/wp-json\/wp\/v2\/pages\/805","targetHints":{"allow":["GET"]}}],"collection":[{"href":"https:\/\/gite-billmann.fr\/de\/wp-json\/wp\/v2\/pages"}],"about":[{"href":"https:\/\/gite-billmann.fr\/de\/wp-json\/wp\/v2\/types\/page"}],"author":[{"embeddable":true,"href":"https:\/\/gite-billmann.fr\/de\/wp-json\/wp\/v2\/users\/2"}],"replies":[{"embeddable":true,"href":"https:\/\/gite-billmann.fr\/de\/wp-json\/wp\/v2\/comments?post=805"}],"version-history":[{"count":2,"href":"https:\/\/gite-billmann.fr\/de\/wp-json\/wp\/v2\/pages\/805\/revisions"}],"predecessor-version":[{"id":1395,"href":"https:\/\/gite-billmann.fr\/de\/wp-json\/wp\/v2\/pages\/805\/revisions\/1395"}],"wp:attachment":[{"href":"https:\/\/gite-billmann.fr\/de\/wp-json\/wp\/v2\/media?parent=805"}],"curies":[{"name":"wp","href":"https:\/\/api.w.org\/{rel}","templated":true}]}}